{"id":96,"date":"2013-09-22T03:42:56","date_gmt":"2013-09-22T01:42:56","guid":{"rendered":"http:\/\/www.metropolitankw.at\/?page_id=96"},"modified":"2013-09-27T16:43:00","modified_gmt":"2013-09-27T14:43:00","slug":"dirigenten","status":"publish","type":"page","link":"https:\/\/www.metropolitankw.at\/?page_id=96","title":{"rendered":"Dirigent"},"content":{"rendered":"<p style=\"text-align: justify;\"><span style=\"color: #000000;\">\u00a0 \u00a0 \u00a0 \u00a0 \u00a0<a href=\"http:\/\/www.metropolitankw.at\/wp-content\/uploads\/vin.jpg\"><img loading=\"lazy\" decoding=\"async\" class=\"alignleft size-medium wp-image-186\" alt=\"vin\" src=\"http:\/\/www.metropolitankw.at\/wp-content\/uploads\/vin-199x300.jpg\" width=\"199\" height=\"300\" srcset=\"https:\/\/www.metropolitankw.at\/wp-content\/uploads\/vin-199x300.jpg 199w, https:\/\/www.metropolitankw.at\/wp-content\/uploads\/vin.jpg 216w\" sizes=\"(max-width: 199px) 100vw, 199px\" \/><\/a> \u00a0 \u00a0Der junge Dirigent Vinicius Kattah wurde 1986 in S\u00e3o Paulo (Brasilien) geboren. Bei dem Dirigentenwettbewerb &#8222;Blue Danube International Opera Competition 2011&#8220; hat er den ersten Preis erhalten. Dadurch bekam er einige Engagements, darunter an der Slowakischen Nationaloper Bratislava, der State Opera Plovdiv in Bulgarien, am Dnepropetrovsk State Academic Opera and Ballet Theatre in der Ukraine sowie beim Gala-<wbr \/>Konzert von La Traviata an der Bulgarian State Opera Bourgas.<\/span><\/p>\n<p style=\"text-align: justify;\"><span style=\"color: #000000;\">Vor kurzem dirigierte er \u201cAzrael\u201d und \u201cEdenarabeske\u201d, zwei Opernpremieren der Komponisten Dirk d&#8217;Ase und Wolfgang Liebhart in Wien bei \u201cWien Modern\u201d. Weiters dirigierte er &#8222;La Traviata&#8220; in Bulgarien, &#8222;Tosca&#8220;, \u201cI Puritani\u201d und \u201cLe Villi\u201d in Bratislava und &#8222;Rigoletto&#8220; in der Ukraine. Er hat auch als zweiter Dirigent mit Walter Kob\u00e9ra an der Neuen Oper Wien an der Oper &#8222;Gramma&#8220; von Jos\u00e9 M. Sanchez-<wbr \/>Verdu und als Korrepetitor am Klavier an der Oper &#8222;Baal&#8220; von Friedrich Cerha gearbeitet. Vinicius Kattah hat an Opernh\u00e4usern und an verschiedenen anderen Musiktheatern in ganz Europa, den Vereinigten Staaten und S\u00fcdamerika dirigiert.<\/span><\/p>\n<p style=\"text-align: justify;\"><span style=\"color: #000000;\">\u00a0<\/span><span style=\"color: #000000;\">2013 hat er das Projekt \u201cOh!pera\u201d gegr\u00fcndet. Er ist der Generalmusikdirektor dieses Projekts, das es sich zum Ziel gesetzt hat, junge und talentierte K\u00fcnstler zu f\u00f6rdern, indem sie m\u00f6glichst viel Erfahrung in kurzer Zeit sammeln und mit intensiven Zeitpl\u00e4nen das selbstst\u00e4ndige Arbeiten trainieren k\u00f6nnen. Eine kurze, dichte Probenphase und ein bis zwei Auff\u00fchrungen sollen auch zum Aufbau eines gro\u00dfen Repertoires beitragen.<\/span><\/p>\n<p style=\"text-align: justify;\"><span style=\"color: #000000;\">\u00a0<\/span><span style=\"color: #000000;\">Unter seinen zuk\u00fcnftigen Engagements sind in der Saison 2012\/2013 Eins\u00e4tze als Gastdirigent an der Slowakischen Nationaloper Bratislava und als \u00a0Dirigent der \u201cSchlossfestspiele Langenlois\u201d im Sommer 2013 in Zusammenarbeit mit dem Regisseur Philipp Harnoncourt u.v.m. zu finden. Im Mai 2011 dirigierte Vinicus Kattah vier Auff\u00fchrungen von Puccinis &#8222;Gianni Schicchi&#8220; am Wiener Theater Akzent. \u00a0Der junge Dirigent war auch musikalischer Leiter und Dirigent von Mozarts &#8222;Le Nozze di Figaro&#8220; am Uniqa-<wbr \/>Theater im November 2011 in Wien.<\/span><\/p>\n<p style=\"text-align: justify;\"><span style=\"color: #000000;\">\u00a0<\/span><span style=\"color: #000000;\">Einer von seinen Mentoren ist der bekannte deutsche Dirigent Helmuth Rilling, von dem er zwischen 2006 und 2009 einige Stipendien f\u00fcr sein Studium erhalten hat. Vinicius Kattah hat an Meisterklassen teilgenommen und mit dem Bach Collegium Stuttgart, der G\u00e4chinger Kantorei in Stuttgart (Deutschland) und mit dem Oregon Bach Festival Orchestra and Choir in Eugene (Oregon, Vereinigten Staaten) Konzerte dirigiert. Er hat mit S\u00e4ngern wie L\u2019ubica Vargicov\u00e1, Roxana Constantinescu, Eliane Coelho, S\u00e9bastien Soules, Krum Galabov, Lothar Odinius, Oliver Ringelhahn, Zoltan Nagy, Anita Hartig u.v.m. Konzerte gegeben und gearbeitet.<\/span><\/p>\n<p style=\"text-align: justify;\"><span style=\"color: #000000;\">\u00a0<\/span><span style=\"color: #000000;\">Vinicius Kattah hat ein Masterstudium &#8211;<wbr \/>\u00a0Dirigieren am Konservatorium Wien bei Georg Mark und ein Bakkalaureat in Musik mit der Bef\u00e4higung &#8222;Chor-<wbr \/>\u00a0und Orchesterleitung&#8220; bei Abel Rocha in S\u00e3o Paulo abgeschlossen. Er studierte an\u00a0der \u201eKunstfakult\u00e4t Alc\u00e2ntara Machado\u201c, lernte Klavier und Cembalo bei verschiedenen Lehrern wie Robert Levin und Jo\u00e3o Carlos Martins sowie Gesang bei Carmo Barbosa.\u00a0<\/span><\/p>\n<p style=\"text-align: justify;\"><span style=\"color: #000000;\">\u00a0<\/span><span style=\"color: #000000;\">2008 verbrachte er drei Monate in Wien, \u00d6sterreich, wo er seine Forschung und Monografie \u00fcber den Librettisten der \u201eZauberfl\u00f6te\u201c, Emanuel Schikaneder, in der \u00d6sterreichischen Nationalbibliothek und am Theater an der Wien abschloss. Am Ende seiner Recherche schrieb er das Werk \u201eDAS LABYRINTH ODER DER KAMPF MIT DEN ELEMENTEN: Schikaneder und Teil II der Zauberfl\u00f6te\u201c, eine vollst\u00e4ndige Studie der Oper von Peter von Winter mit dem Libretto von Emanuel Schikaneder. Im Mai 2008 wurde er zur \u00a0Meisterklasse \u00fcber drei Opern des Komponisten Giacomo Puccini (La Boh\u00e8me, Tosca, Madama Butterfly)\u00a0unter der Leitung des namhaften Dirigenten Boris Hinchev in Burgas, Bulgarien eingeladen.<\/span><\/p>\n","protected":false},"excerpt":{"rendered":"<p>\u00a0 \u00a0 \u00a0 \u00a0 \u00a0 \u00a0 \u00a0Der junge Dirigent Vinicius Kattah wurde 1986 in S\u00e3o Paulo (Brasilien) geboren. Bei dem Dirigentenwettbewerb &#8222;Blue Danube International Opera Competition 2011&#8220; hat er den ersten Preis erhalten. Dadurch bekam er einige Engagements, darunter an der Slowakischen Nationaloper Bratislava, der State Opera Plovdiv in Bulgarien, am Dnepropetrovsk State Academic Opera [&hellip;]<\/p>\n","protected":false},"author":1,"featured_media":0,"parent":0,"menu_order":0,"comment_status":"closed","ping_status":"closed","template":"","meta":{"footnotes":""},"_links":{"self":[{"href":"https:\/\/www.metropolitankw.at\/index.php?rest_route=\/wp\/v2\/pages\/96"}],"collection":[{"href":"https:\/\/www.metropolitankw.at\/index.php?rest_route=\/wp\/v2\/pages"}],"about":[{"href":"https:\/\/www.metropolitankw.at\/index.php?rest_route=\/wp\/v2\/types\/page"}],"author":[{"embeddable":true,"href":"https:\/\/www.metropolitankw.at\/index.php?rest_route=\/wp\/v2\/users\/1"}],"replies":[{"embeddable":true,"href":"https:\/\/www.metropolitankw.at\/index.php?rest_route=%2Fwp%2Fv2%2Fcomments&post=96"}],"version-history":[{"count":4,"href":"https:\/\/www.metropolitankw.at\/index.php?rest_route=\/wp\/v2\/pages\/96\/revisions"}],"predecessor-version":[{"id":187,"href":"https:\/\/www.metropolitankw.at\/index.php?rest_route=\/wp\/v2\/pages\/96\/revisions\/187"}],"wp:attachment":[{"href":"https:\/\/www.metropolitankw.at\/index.php?rest_route=%2Fwp%2Fv2%2Fmedia&parent=96"}],"curies":[{"name":"wp","href":"https:\/\/api.w.org\/{rel}","templated":true}]}}