{"id":222,"date":"2013-09-27T17:53:56","date_gmt":"2013-09-27T15:53:56","guid":{"rendered":"http:\/\/www.metropolitankw.at\/?page_id=222"},"modified":"2013-09-27T17:53:56","modified_gmt":"2013-09-27T15:53:56","slug":"natasa-veljkovic-klavier","status":"publish","type":"page","link":"https:\/\/www.metropolitankw.at\/?page_id=222","title":{"rendered":"Natasa VELJKOVIC &#8211; Klavier"},"content":{"rendered":"<p><a href=\"http:\/\/www.metropolitankw.at\/wp-content\/uploads\/natasa_veljkovic_7071_print.jpg\"><img loading=\"lazy\" decoding=\"async\" class=\"alignleft size-medium wp-image-223\" alt=\"natasa_veljkovic_7071_print\" src=\"http:\/\/www.metropolitankw.at\/wp-content\/uploads\/natasa_veljkovic_7071_print-300x199.jpg\" width=\"300\" height=\"199\" srcset=\"https:\/\/www.metropolitankw.at\/wp-content\/uploads\/natasa_veljkovic_7071_print-300x199.jpg 300w, https:\/\/www.metropolitankw.at\/wp-content\/uploads\/natasa_veljkovic_7071_print-710x472.jpg 710w, https:\/\/www.metropolitankw.at\/wp-content\/uploads\/natasa_veljkovic_7071_print.jpg 1024w\" sizes=\"(max-width: 300px) 100vw, 300px\" \/><\/a>wurde in Belgrad geboren. Sie lebt und arbeitet in Wien, wo sie an der Universit\u00e4t f\u00fcr Musik und darstellende Kunst eine ao. Profes\u00adsur f\u00fcr Klavier innehat.\u00a0Seit ihrem vierten Lebensjahr ist das Klavier ihr Lebensmittelpunkt. Nach dem Studium bei Prof. Arbo Valdma in Belgrad wurde sie im Alter von 14 Jahren in die Klasse von Prof. Paul Badura-Skoda an der Musikuni\u00adversit\u00e4t Wien aufgenommen, wo sie 1987 ihr Studium mit Auszeichnung beendete. Es folgten weitere Studien an der Juilliard School in New York bei Prof. Rudolf Firkusny (1988-1989), am Genfer Konservatorium bei Prof. Harry Datyner (1990-1992), wo sie ihren zweiten Mag.Art. in Kla\u00advierkunst erwarb, und k\u00fcnstlerische Konsultationen bei Nikita Magaloff.\u00a0Noch vor dem Erreichen ihres 10. Lebensjahres gewann sie erste Preise bei internationalen Jugendwettbewerben in Italien \u2013 Capua 1977 und Senigallia 1978. Unter den vielen weiteren Auszeichnungen, die sie f\u00fcr ihre au\u00dfergew\u00f6hnlichen pianistischen Leistungen erworben hat, seien der Gewinn des &#8222;Prix Clara Haskil&#8220;, einem der weltweit renommiertesten Klavierwettbewerbe, in Vevey 1985 und der erste Platz beim &#8222;World Music Masters&#8220; in Paris 1990 besonders erw\u00e4hnt. Viele Aner\u00adkennungen folgten wie z.B. der Orlando-Preis f\u00fcr das beste Konzert bei dem Dubrovnik Festival, der UMUS-Preis (Belgrad) f\u00fcr das erfolgreichste Konzert des Jahres.\u00a0Seit dem Gewinn des &#8222;Prix Clara Haskil&#8220; begann eine rege Konzert\u00adt\u00e4tigkeit in Europa und \u00dcbersee mit international renommierten Ensembles und Orchestern, u.a. Belgrade Strings Dusan Skovran, St. Georges Strings, Orchestre de la Suisse Romande, Tonhalle Z\u00fcrich, Zagreber Solisten, Wiener Kammerorchester, Capella Istropoli\u00adtana, Janacek Philharmonie Ostrava, Radio Katowice, Orchester RAI, Slowenische Philharmonie, Belgrader Philharmoniker, Spirit of Europe und Metropolitan Kammerorchester Wien.\u00a0Viele prominente Dirigenten wie z.B. David Zinman, Lawrence Foster, Dimitrij Kitajenko, Cristian Mandeal, Marcello Viotti, Antoni Wit, David Shalon, Emil Tabakov und Martin Sieghart wissen die Zusammenarbeit mit Natasa Veljkovic zu sch\u00e4tzen.<\/p>\n<p>Kammermusikalisch spielt sie regelm\u00e4\u00dfig im Trio \u201eAnima\u201c (Belgrad), mit Norman Shetler als Klavierduo sowie mit ihrem Mann, dem Cellisten Tobias Stosiek.<\/p>\n<p>Au\u00dferdem nimmt Natasa Veljkovic an vielen europ\u00e4ischen Festivals teil: Montreux, Berlin, Chopin Festival in Polen, MIDEM classique in Cannes, Juventus in Cambrai, Toulouse, Algarve, Atter\u00adgauer Kultursommer, Carinthischer Sommer, Internat. Chopin Festival Ga\u00adming, Haydn Festspiele Eisenstadt, Dubrovnik Sommer\u00adfestspiele, BEMUS Belgrad, NOMUS Novi Sad, Mozart Festival Istanbul u.a.<\/p>\n<p>Natasa Veljkovic ist auf zahlreichen CD-Produktionen zu h\u00f6ren, f\u00fcr die sie international herausragende Kritiken erhielt. Ihre letzten beiden Alben erschienen beim Wiener Label Gramola mit Werken von Robert und Clara Schumann sowie den drei Klavierkonzerten von Joseph Haydn.<\/p>\n<p>Im Blickpunkt ihres musikalischen Interesses steht das Werk von Wolf\u00adgang Amadeus Mozart.<\/p>\n","protected":false},"excerpt":{"rendered":"<p>wurde in Belgrad geboren. Sie lebt und arbeitet in Wien, wo sie an der Universit\u00e4t f\u00fcr Musik und darstellende Kunst eine ao. Profes\u00adsur f\u00fcr Klavier innehat.\u00a0Seit ihrem vierten Lebensjahr ist das Klavier ihr Lebensmittelpunkt. Nach dem Studium bei Prof. Arbo Valdma in Belgrad wurde sie im Alter von 14 Jahren in die Klasse von Prof. [&hellip;]<\/p>\n","protected":false},"author":1,"featured_media":0,"parent":0,"menu_order":0,"comment_status":"closed","ping_status":"closed","template":"","meta":{"footnotes":""},"_links":{"self":[{"href":"https:\/\/www.metropolitankw.at\/index.php?rest_route=\/wp\/v2\/pages\/222"}],"collection":[{"href":"https:\/\/www.metropolitankw.at\/index.php?rest_route=\/wp\/v2\/pages"}],"about":[{"href":"https:\/\/www.metropolitankw.at\/index.php?rest_route=\/wp\/v2\/types\/page"}],"author":[{"embeddable":true,"href":"https:\/\/www.metropolitankw.at\/index.php?rest_route=\/wp\/v2\/users\/1"}],"replies":[{"embeddable":true,"href":"https:\/\/www.metropolitankw.at\/index.php?rest_route=%2Fwp%2Fv2%2Fcomments&post=222"}],"version-history":[{"count":1,"href":"https:\/\/www.metropolitankw.at\/index.php?rest_route=\/wp\/v2\/pages\/222\/revisions"}],"predecessor-version":[{"id":224,"href":"https:\/\/www.metropolitankw.at\/index.php?rest_route=\/wp\/v2\/pages\/222\/revisions\/224"}],"wp:attachment":[{"href":"https:\/\/www.metropolitankw.at\/index.php?rest_route=%2Fwp%2Fv2%2Fmedia&parent=222"}],"curies":[{"name":"wp","href":"https:\/\/api.w.org\/{rel}","templated":true}]}}