{"id":202,"date":"2013-09-27T17:28:21","date_gmt":"2013-09-27T15:28:21","guid":{"rendered":"http:\/\/www.metropolitankw.at\/?page_id=202"},"modified":"2013-09-27T17:28:49","modified_gmt":"2013-09-27T15:28:49","slug":"erich-schagerl-violine","status":"publish","type":"page","link":"https:\/\/www.metropolitankw.at\/?page_id=202","title":{"rendered":"Erich SCHAGERL &#8211; Violine"},"content":{"rendered":"<p style=\"text-align: justify;\">1953 in Wilhelmsburg (N\u00d6) geboren, erster Blockfl\u00f6tenunterricht mit 7, erster Violinunterricht mit 11 Jahren. Nach der Hauptschule in Traisen besuchte er das Mus. P\u00e4d. Realgymnasium in Krems. In dieser Zeit begann er, Klarinette und Saxophon zu spielen (Traismaurer Blasmusikverein, Kremser Jazz-Club, Big Band Buchberger in Strass\/Strassertal). Ausserdem spielte er Bassgitarre und diverse Instrumente (Sax, Geige, Akkordeon) bei den \u201eNew Selection\u201c (Traismauer). Nach der Matura mit Auszeichnung begann er sein Violinstudium an der Wiener Musikhochschule bei Prof. Franz Samohyl.Von 1972 \u2013 1979 Mitglied des Franz Schubert-Quartetts (1. Preis beim Internationalen Streichquartettwettbewerb in Stockholm 1974), daneben war er Konzertmeister im Tonk\u00fcnstler-Kammerorchester. Ausserdem war er in dieser Zeit Geiger im &#8222;Wiener Nonett&#8220; (1978-1984) und gr\u00fcndete das &#8222;Concordia-Klaviertrio&#8220;. Von 1980-1985 unterrichtete er an der Wiener Musikhochschule eine Klasse in der\u00a0 Abteilung P\u00e4dagogik als auch auf vielen Kursen im In-und Ausland (Allegro Vivo, Umea). 1979 Sekundeiger im Wiener Staatsopernorchester und bei den Wr. Philharmonikern, seit 1985 Primgeiger. Rege kammermusikalische T\u00e4tigkeit ( u.a. von 1991 bis 2001 mit den Wiener Virtuosen, seit 1992\u00a0 Leiter des \u201eArcadia-Ensembles) sowie solistisches Auftreten im In- u. Ausland, u.a. mit den &#8222;Slowakischen Streichersolisten&#8220;.Seit\u00a01999 auch T\u00e4tigkeit als Arrangeur von diversen Werken f\u00fcr Kammermusik als auch Orchester, z.B. Geburtstagsst\u00e4ndchen f\u00fcrNikolaus Harnoncourt, Marcel Prawy und Christa Ludwig. Seit 1979 verheiratet, 2 T\u00f6chter.<\/p>\n","protected":false},"excerpt":{"rendered":"<p>1953 in Wilhelmsburg (N\u00d6) geboren, erster Blockfl\u00f6tenunterricht mit 7, erster Violinunterricht mit 11 Jahren. Nach der Hauptschule in Traisen besuchte er das Mus. P\u00e4d. Realgymnasium in Krems. In dieser Zeit begann er, Klarinette und Saxophon zu spielen (Traismaurer Blasmusikverein, Kremser Jazz-Club, Big Band Buchberger in Strass\/Strassertal). Ausserdem spielte er Bassgitarre und diverse Instrumente (Sax, Geige, [&hellip;]<\/p>\n","protected":false},"author":1,"featured_media":0,"parent":0,"menu_order":0,"comment_status":"closed","ping_status":"closed","template":"","meta":{"footnotes":""},"_links":{"self":[{"href":"https:\/\/www.metropolitankw.at\/index.php?rest_route=\/wp\/v2\/pages\/202"}],"collection":[{"href":"https:\/\/www.metropolitankw.at\/index.php?rest_route=\/wp\/v2\/pages"}],"about":[{"href":"https:\/\/www.metropolitankw.at\/index.php?rest_route=\/wp\/v2\/types\/page"}],"author":[{"embeddable":true,"href":"https:\/\/www.metropolitankw.at\/index.php?rest_route=\/wp\/v2\/users\/1"}],"replies":[{"embeddable":true,"href":"https:\/\/www.metropolitankw.at\/index.php?rest_route=%2Fwp%2Fv2%2Fcomments&post=202"}],"version-history":[{"count":2,"href":"https:\/\/www.metropolitankw.at\/index.php?rest_route=\/wp\/v2\/pages\/202\/revisions"}],"predecessor-version":[{"id":204,"href":"https:\/\/www.metropolitankw.at\/index.php?rest_route=\/wp\/v2\/pages\/202\/revisions\/204"}],"wp:attachment":[{"href":"https:\/\/www.metropolitankw.at\/index.php?rest_route=%2Fwp%2Fv2%2Fmedia&parent=202"}],"curies":[{"name":"wp","href":"https:\/\/api.w.org\/{rel}","templated":true}]}}