{"id":195,"date":"2013-09-27T17:21:23","date_gmt":"2013-09-27T15:21:23","guid":{"rendered":"http:\/\/www.metropolitankw.at\/?page_id=195"},"modified":"2013-09-27T17:45:15","modified_gmt":"2013-09-27T15:45:15","slug":"boris-kuschnir-violine","status":"publish","type":"page","link":"https:\/\/www.metropolitankw.at\/?page_id=195","title":{"rendered":"Boris KUSCHNIR &#8211; Violine"},"content":{"rendered":"<p style=\"text-align: justify;\"><a href=\"http:\/\/www.metropolitankw.at\/wp-content\/uploads\/bot.jpg\"><img loading=\"lazy\" decoding=\"async\" class=\"alignleft size-medium wp-image-215\" alt=\"bot\" src=\"http:\/\/www.metropolitankw.at\/wp-content\/uploads\/bot-199x300.jpg\" width=\"199\" height=\"300\" srcset=\"https:\/\/www.metropolitankw.at\/wp-content\/uploads\/bot-199x300.jpg 199w, https:\/\/www.metropolitankw.at\/wp-content\/uploads\/bot.jpg 222w\" sizes=\"(max-width: 199px) 100vw, 199px\" \/><\/a>geboren 1948 in Kiew. Zahlreiche Preise bei internationalen Geigen- und Kammermusikwettbewerben (Paris, Belgrad, Sion, Bratislava, Florenz, Triest, Hamburg, AllunionsWettbewerb, Vercelli). 1970 Gr\u00fcndung des Moskauer Streichquartetts \u00a0bis 1979 st\u00e4ndiges Mitglied. Seit 1981 lebt er in \u00d6sterreich, erhielt 1982 die \u00f6sterreichische Staatsb\u00fcrgerschaft, war bis 1983 erster Konzertmeister beim Bruckner Orchester Linz und ist seit 1999 ordentlicher Universit\u00e4tsprofessor an der Universit\u00e4t f\u00fcr Musik und darstellende Kunst Graz. Zahlreiche Schallplattenaufnahmen als Solist und als Kammermusiker, darunter Gesamteinspielung der Mozart&#8217;schen Klaviertrios bei EMI im Mozartjahr 1991. 1993 Gr\u00fcndung des Wiener Brahms Trios \u00a0Deb\u00fct bei Kremers Kammermusikfestival in Lockenhaus; 1996 Erster Preis beim 9. Internationalen Kammermusikwettbewerb in Illzach (Frankreich); 1999 Ver\u00f6ffentlichung der Gesamtaufnahme der Schumann&#8217;schen Werke f\u00fcr Klaviertrio auf 2 CDs bei NAXOS. 2003 Mitbegr\u00fcnder des Kopelman Quartetts \u00a0seither weltweite Konzertt\u00e4tigkeit. 1991 wurde Boris Kuschnir in Anerkennung seiner k\u00fcnstlerischen Leistungen die von der \u00d6sterreichischen Nationalbank erworbene Stradivari-Geige ,,La Rouse-Boughton&#8220; (1703) zur Verf\u00fcgung gestellt.<\/p>\n","protected":false},"excerpt":{"rendered":"<p>geboren 1948 in Kiew. Zahlreiche Preise bei internationalen Geigen- und Kammermusikwettbewerben (Paris, Belgrad, Sion, Bratislava, Florenz, Triest, Hamburg, AllunionsWettbewerb, Vercelli). 1970 Gr\u00fcndung des Moskauer Streichquartetts \u00a0bis 1979 st\u00e4ndiges Mitglied. Seit 1981 lebt er in \u00d6sterreich, erhielt 1982 die \u00f6sterreichische Staatsb\u00fcrgerschaft, war bis 1983 erster Konzertmeister beim Bruckner Orchester Linz und ist seit 1999 ordentlicher Universit\u00e4tsprofessor [&hellip;]<\/p>\n","protected":false},"author":1,"featured_media":0,"parent":0,"menu_order":0,"comment_status":"closed","ping_status":"closed","template":"","meta":{"footnotes":""},"_links":{"self":[{"href":"https:\/\/www.metropolitankw.at\/index.php?rest_route=\/wp\/v2\/pages\/195"}],"collection":[{"href":"https:\/\/www.metropolitankw.at\/index.php?rest_route=\/wp\/v2\/pages"}],"about":[{"href":"https:\/\/www.metropolitankw.at\/index.php?rest_route=\/wp\/v2\/types\/page"}],"author":[{"embeddable":true,"href":"https:\/\/www.metropolitankw.at\/index.php?rest_route=\/wp\/v2\/users\/1"}],"replies":[{"embeddable":true,"href":"https:\/\/www.metropolitankw.at\/index.php?rest_route=%2Fwp%2Fv2%2Fcomments&post=195"}],"version-history":[{"count":4,"href":"https:\/\/www.metropolitankw.at\/index.php?rest_route=\/wp\/v2\/pages\/195\/revisions"}],"predecessor-version":[{"id":216,"href":"https:\/\/www.metropolitankw.at\/index.php?rest_route=\/wp\/v2\/pages\/195\/revisions\/216"}],"wp:attachment":[{"href":"https:\/\/www.metropolitankw.at\/index.php?rest_route=%2Fwp%2Fv2%2Fmedia&parent=195"}],"curies":[{"name":"wp","href":"https:\/\/api.w.org\/{rel}","templated":true}]}}