{"id":193,"date":"2013-09-27T17:17:02","date_gmt":"2013-09-27T15:17:02","guid":{"rendered":"http:\/\/www.metropolitankw.at\/?page_id=193"},"modified":"2013-09-27T19:09:25","modified_gmt":"2013-09-27T17:09:25","slug":"arkadij-winokurow-violine","status":"publish","type":"page","link":"https:\/\/www.metropolitankw.at\/?page_id=193","title":{"rendered":"Arkadij WINOKUROW &#8211; Violine"},"content":{"rendered":"<p style=\"text-align: justify;\"><a href=\"http:\/\/www.metropolitankw.at\/wp-content\/uploads\/IMG_7740-Kopie1.jpg\"><img loading=\"lazy\" decoding=\"async\" class=\"alignleft size-medium wp-image-227\" alt=\"IMG_7740 Kopie1\" src=\"http:\/\/www.metropolitankw.at\/wp-content\/uploads\/IMG_7740-Kopie1-215x300.jpg\" width=\"215\" height=\"300\" srcset=\"https:\/\/www.metropolitankw.at\/wp-content\/uploads\/IMG_7740-Kopie1-215x300.jpg 215w, https:\/\/www.metropolitankw.at\/wp-content\/uploads\/IMG_7740-Kopie1-734x1024.jpg 734w, https:\/\/www.metropolitankw.at\/wp-content\/uploads\/IMG_7740-Kopie1-710x989.jpg 710w, https:\/\/www.metropolitankw.at\/wp-content\/uploads\/IMG_7740-Kopie1.jpg 1772w\" sizes=\"(max-width: 215px) 100vw, 215px\" \/><\/a>Professor am Bruckner Konservatorium Linz. Lebt seit 1992 in \u00d6sterreich. Primarius des Arte Viva Quartetts, Mitglied der Wiener Streichersolisten. Juror bei \u00f6sterreichischen und ausl\u00e4ndischen Wettbewerben. 1987 Leiter und Dirigent des Kiewer Kammerorchesters. Mit diesem Ensemble Tourneen in der ehemaligen UdSSR, Europa und USA. 1979\/89 Gastprofessor am Tampere Konservatorium, Finnland. Seit 1972 Professor an der Tschaikowski Musikhochschule. Preistr\u00e4ger internationaler Wettbewerbe wie Prager Fr\u00fchling und M. Long-Thibaud. 1971 Solist an der Kiewer Staatsphilharmonie. Tourneen in der ehemaligen UdSSR und im Ausland, zahlreiche Rundfunkaufnahmen und CD-Einspielungen.<\/p>\n","protected":false},"excerpt":{"rendered":"<p>Professor am Bruckner Konservatorium Linz. Lebt seit 1992 in \u00d6sterreich. Primarius des Arte Viva Quartetts, Mitglied der Wiener Streichersolisten. Juror bei \u00f6sterreichischen und ausl\u00e4ndischen Wettbewerben. 1987 Leiter und Dirigent des Kiewer Kammerorchesters. Mit diesem Ensemble Tourneen in der ehemaligen UdSSR, Europa und USA. 1979\/89 Gastprofessor am Tampere Konservatorium, Finnland. Seit 1972 Professor an der Tschaikowski [&hellip;]<\/p>\n","protected":false},"author":1,"featured_media":0,"parent":0,"menu_order":0,"comment_status":"closed","ping_status":"closed","template":"","meta":{"footnotes":""},"_links":{"self":[{"href":"https:\/\/www.metropolitankw.at\/index.php?rest_route=\/wp\/v2\/pages\/193"}],"collection":[{"href":"https:\/\/www.metropolitankw.at\/index.php?rest_route=\/wp\/v2\/pages"}],"about":[{"href":"https:\/\/www.metropolitankw.at\/index.php?rest_route=\/wp\/v2\/types\/page"}],"author":[{"embeddable":true,"href":"https:\/\/www.metropolitankw.at\/index.php?rest_route=\/wp\/v2\/users\/1"}],"replies":[{"embeddable":true,"href":"https:\/\/www.metropolitankw.at\/index.php?rest_route=%2Fwp%2Fv2%2Fcomments&post=193"}],"version-history":[{"count":2,"href":"https:\/\/www.metropolitankw.at\/index.php?rest_route=\/wp\/v2\/pages\/193\/revisions"}],"predecessor-version":[{"id":228,"href":"https:\/\/www.metropolitankw.at\/index.php?rest_route=\/wp\/v2\/pages\/193\/revisions\/228"}],"wp:attachment":[{"href":"https:\/\/www.metropolitankw.at\/index.php?rest_route=%2Fwp%2Fv2%2Fmedia&parent=193"}],"curies":[{"name":"wp","href":"https:\/\/api.w.org\/{rel}","templated":true}]}}