{"id":188,"date":"2013-09-27T17:14:27","date_gmt":"2013-09-27T15:14:27","guid":{"rendered":"http:\/\/www.metropolitankw.at\/?page_id=188"},"modified":"2013-09-27T19:16:10","modified_gmt":"2013-09-27T17:16:10","slug":"laura-magdalena-scripcaru-mezzosopran","status":"publish","type":"page","link":"https:\/\/www.metropolitankw.at\/?page_id=188","title":{"rendered":"Laura-Magdalena SCRIPCARU &#8211; Mezzosopran"},"content":{"rendered":"<p style=\"text-align: justify;\"><a href=\"http:\/\/www.metropolitankw.at\/wp-content\/uploads\/laura.jpg\"><img loading=\"lazy\" decoding=\"async\" class=\"alignleft size-medium wp-image-230\" alt=\"laura\" src=\"http:\/\/www.metropolitankw.at\/wp-content\/uploads\/laura-250x300.jpg\" width=\"250\" height=\"300\" srcset=\"https:\/\/www.metropolitankw.at\/wp-content\/uploads\/laura-250x300.jpg 250w, https:\/\/www.metropolitankw.at\/wp-content\/uploads\/laura-854x1024.jpg 854w, https:\/\/www.metropolitankw.at\/wp-content\/uploads\/laura-710x850.jpg 710w\" sizes=\"(max-width: 250px) 100vw, 250px\" \/><\/a>absolvierte die Matura am Kunst-Kollegium Octav Bancila in Iasi. Sp\u00e4ter erhielt sie ihr Diplom an der Universit\u00e4t f\u00fcr Musik George Enescu, nachdem sie das Gesangsstudium bei Bernadeta Simon, Mariana Jana Stoia und Evredica Filipovici abgeschlossen hatte. W\u00e4hrend ihrem Studium nahm sie an mehreren internationalen Wettbewerben teil, u.a. beim George Enescu in lasi sowie beim Beethoven Wettbewerb in Wien, wo Sie das Grand Prix erhalt und absolvierte au\u00dferdem die Meisterklasse von George Solavastru. Zudem tratt Laura Magdalena Scripcaru bei mehreren Festivals auf, u.a. Festivals Festum Musicae (Timisoara) , Sacred Music Festival (Poland) , Festival des Cathedrales de Picardie (Frankreich) , Festival Sergiu Celibidache (Iasi). Im Jahr 2006 bekommt sie Ehrenpr\u00e4sident Diplom von National Staatsoper Iasi. Im laufe der Jahre arbeitete sie mit namhaften S\u00e4ngerinnen und S\u00e4ngern wie Adorjan Pataki, Gheorghe Rosu, Sorina Munteanu, Marius Budoiu, Corneliu Solavastru, Laura Feier, Ion Tibrea, Szilaghi Zsolt , Camelia Vaduva, Andreas Weller, Marius Brenciu, Marius Manyov zusammen und sang unter dem Dirigenten wie Doru Moraru, Szalman Lorant, Gheorghe Costin (Timisoara Philharmonie), Dietrich Scholler-Manno (Deutschland), Nicola Giuliani (Italien), Corneliu Calistru, Alexandru Lascae (Holland), Michele Santorsola (Italien), Milen Nachev (Amerika), Leonard Dumitriu, Koichi Inoue ( Japan ) , Mark Mast ( Deutschland ).<\/p>\n","protected":false},"excerpt":{"rendered":"<p>absolvierte die Matura am Kunst-Kollegium Octav Bancila in Iasi. Sp\u00e4ter erhielt sie ihr Diplom an der Universit\u00e4t f\u00fcr Musik George Enescu, nachdem sie das Gesangsstudium bei Bernadeta Simon, Mariana Jana Stoia und Evredica Filipovici abgeschlossen hatte. W\u00e4hrend ihrem Studium nahm sie an mehreren internationalen Wettbewerben teil, u.a. beim George Enescu in lasi sowie beim Beethoven [&hellip;]<\/p>\n","protected":false},"author":1,"featured_media":0,"parent":0,"menu_order":0,"comment_status":"closed","ping_status":"closed","template":"","meta":{"footnotes":""},"_links":{"self":[{"href":"https:\/\/www.metropolitankw.at\/index.php?rest_route=\/wp\/v2\/pages\/188"}],"collection":[{"href":"https:\/\/www.metropolitankw.at\/index.php?rest_route=\/wp\/v2\/pages"}],"about":[{"href":"https:\/\/www.metropolitankw.at\/index.php?rest_route=\/wp\/v2\/types\/page"}],"author":[{"embeddable":true,"href":"https:\/\/www.metropolitankw.at\/index.php?rest_route=\/wp\/v2\/users\/1"}],"replies":[{"embeddable":true,"href":"https:\/\/www.metropolitankw.at\/index.php?rest_route=%2Fwp%2Fv2%2Fcomments&post=188"}],"version-history":[{"count":4,"href":"https:\/\/www.metropolitankw.at\/index.php?rest_route=\/wp\/v2\/pages\/188\/revisions"}],"predecessor-version":[{"id":231,"href":"https:\/\/www.metropolitankw.at\/index.php?rest_route=\/wp\/v2\/pages\/188\/revisions\/231"}],"wp:attachment":[{"href":"https:\/\/www.metropolitankw.at\/index.php?rest_route=%2Fwp%2Fv2%2Fmedia&parent=188"}],"curies":[{"name":"wp","href":"https:\/\/api.w.org\/{rel}","templated":true}]}}