{"id":102,"date":"2013-09-22T03:43:29","date_gmt":"2013-09-22T01:43:29","guid":{"rendered":"http:\/\/www.metropolitankw.at\/?page_id=102"},"modified":"2013-09-27T16:32:09","modified_gmt":"2013-09-27T14:32:09","slug":"ensemble","status":"publish","type":"page","link":"https:\/\/www.metropolitankw.at\/?page_id=102","title":{"rendered":"Ensemble"},"content":{"rendered":"<h1 style=\"text-align: center;\">Metropolitans Ensemble<\/h1>\n<p style=\"text-align: justify;\">\u00a0 \u00a0 \u00a0 \u00a0 \u00a0 Verbunden in ihrer Leidenschaft zur traditionellen Musik Osteuropas und Israels gr\u00fcndeten acht Mitglieder des Metropolitan Kammerorchester Wien zu Beginn des Jahres 2011 das Ensemble Metropolitans welches durch seine Virtuosit\u00e4t und Sinnlichkeit im Umgang mit den verschieden Kulturen besticht.<br \/>\nDie hochrangige Musiker schlagen in ihrem aktuellen Programm \u201e&#8220;Vom Dreidel zum Dreivierteltakt\u201c&#8220; eine Br\u00fccke vom nahen Osten \u00fcber den Balkan und Ungarn bis nach \u00d6sterreich und nehmen mit ihrer internationalen Besetzung, bestehend aus f\u00fcnf Streichern, Klarinette, Fl\u00f6te und Klavier, das Publikum auf eine spannende Reise quer durch den Kontinent mit.<\/p>\n","protected":false},"excerpt":{"rendered":"<p>Metropolitans Ensemble \u00a0 \u00a0 \u00a0 \u00a0 \u00a0 Verbunden in ihrer Leidenschaft zur traditionellen Musik Osteuropas und Israels gr\u00fcndeten acht Mitglieder des Metropolitan Kammerorchester Wien zu Beginn des Jahres 2011 das Ensemble Metropolitans welches durch seine Virtuosit\u00e4t und Sinnlichkeit im Umgang mit den verschieden Kulturen besticht. Die hochrangige Musiker schlagen in ihrem aktuellen Programm \u201e&#8220;Vom Dreidel [&hellip;]<\/p>\n","protected":false},"author":1,"featured_media":0,"parent":0,"menu_order":0,"comment_status":"closed","ping_status":"closed","template":"","meta":{"footnotes":""},"_links":{"self":[{"href":"https:\/\/www.metropolitankw.at\/index.php?rest_route=\/wp\/v2\/pages\/102"}],"collection":[{"href":"https:\/\/www.metropolitankw.at\/index.php?rest_route=\/wp\/v2\/pages"}],"about":[{"href":"https:\/\/www.metropolitankw.at\/index.php?rest_route=\/wp\/v2\/types\/page"}],"author":[{"embeddable":true,"href":"https:\/\/www.metropolitankw.at\/index.php?rest_route=\/wp\/v2\/users\/1"}],"replies":[{"embeddable":true,"href":"https:\/\/www.metropolitankw.at\/index.php?rest_route=%2Fwp%2Fv2%2Fcomments&post=102"}],"version-history":[{"count":3,"href":"https:\/\/www.metropolitankw.at\/index.php?rest_route=\/wp\/v2\/pages\/102\/revisions"}],"predecessor-version":[{"id":183,"href":"https:\/\/www.metropolitankw.at\/index.php?rest_route=\/wp\/v2\/pages\/102\/revisions\/183"}],"wp:attachment":[{"href":"https:\/\/www.metropolitankw.at\/index.php?rest_route=%2Fwp%2Fv2%2Fmedia&parent=102"}],"curies":[{"name":"wp","href":"https:\/\/api.w.org\/{rel}","templated":true}]}}